{"id":5744,"date":"2020-05-29T15:38:03","date_gmt":"2020-05-29T13:38:03","guid":{"rendered":"https:\/\/wolfpack-tires.de\/?page_id=5744"},"modified":"2020-08-26T15:45:48","modified_gmt":"2020-08-26T13:45:48","slug":"wolfpack","status":"publish","type":"page","link":"https:\/\/wolfpack-tires.de\/en\/","title":{"rendered":"Wolfpack Reifen bei Heuer Radsport"},"content":{"rendered":"<p>[vc_row css=&#8221;.vc_custom_1550086527937{margin-top: -30px !important;}&#8221;][vc_column][rev_slider_vc alias=&#8221;WolfpackReifen&#8221;][\/vc_column][\/vc_row][vc_row][vc_column][vc_column_text]<\/p>\n<div class=\"vc_row wpb_row vc_row-fluid\">\n<div class=\"wpb_column vc_column_container vc_col-sm-12\">\n<div class=\"vc_column-inner\">\n<div class=\"wpb_wrapper\">\n<div class=\"wpb_text_column wpb_content_element\">\n<div class=\"wpb_wrapper\">\n<h3>Wolfpack Reifen bei HEUER-Radsport f\u00fcr mehr Grip<\/h3>\n<p>Woflpack Reifen sind die erste Wahl in der Erstausr\u00fcstung f\u00fcr unsere HEUER Laufrads\u00e4tze, wenn es um Performance, gutes Abrollverhalten und perfekten Grip mit ausreichend Reserve in den Kurven geht.<\/p>\n<p>Im Herbst 2018 haben wir die ersten Stra\u00dfenreifen als Clincher auf unseren HEUER-Laufr\u00e4dern getestet. Um unsere Erfahrungen und das Ergebnis gleich vorweg zu nehmen: Wir waren schnell begeistert und wissen, dass dieser Reifen zu unseren Produkten passt. Unsere Testergebnisse, oder besser gesagt unsere Eindr\u00fccke m\u00f6chten wir Euch hier zusammenfassen.<\/p>\n<p>Bei der Montage stellten wir fest, dass der Reifen mit etwas Druck, aber dann doch ohne Montagewerkezeug auf die Felge schnappt. F\u00fcr einen Maschinenbauer ist das eine gelungene Passung. Wir haben nach der Empfehlung von Wolfgang Arenz vorne 24mm f\u00fcr gute Kontrolle und hinten 26 f\u00fcr mehr Komfort montiert. Den Druck w\u00e4hlten wir mit 7,5 bar. Eigentlich optimal f\u00fcr unsere Carbonfelgen. Nach der ersten l\u00e4ngeren Runde war einfach nur ein breites Grinsen im Gesicht. Es war einfach ein richtig gutes Gef\u00fchl diesen neuen Reifen zu fahren. Unebenheiten auf Radwegen hat der Reifen sehr gut kompensiert und das bei gef\u00fchlt leichtem Rollverhalten. In schellen engen Kurven war immer noch richtig Reserve. Nach und nach wurde die Kurve sp\u00e4ter angebremst und immer den Eindruck nie die Kontrolle zu verlieren. Abschlie\u00dfend: einfach MegaGrip! Im Langzeittest konnten wir keinen wirklichen Unterschied im Verschlei\u00df zu anderen Reifen feststellen.<\/p>\n<p>Im Laufe unserer Saison hatten wir viele Gelegenheiten bei unserem HEUER-Cup mit Lizenzsportlern \u00fcber deren Erfahrungen mit den Wolfpack Reifen zu sprechen. Insgesamt k\u00f6nnen wir das nur als rundherum positives Feedback weitergeben.<br \/>\nDas gute Rollverhalten und die Reserven bei N\u00e4sse geben den Sportlern auch bei schnellen Kriterien ein gutes uns sicheres Fahrgef\u00fchl.<\/p>\n<p>Wir sind begeistert und freuen uns, dass wir die Wolfpack Reifen hier im Shop zu attraktiven Preisen anbieten k\u00f6nnen.<\/p>\n<h3>Wolfpack Reifen im Test \u2013 Cotton Race mit TPU-Schlauch<\/h3>\n<p>Ren\u00e9 m\u00f6chte in diesem Jahr das Race Around Austria 2020 in der SOLO Challenge bestreiten. Er hat sich eine Platzierung im einstelligen Bereich zum Ziel gesetzt.<\/p>\n<p>Beim Race Around Austria CHALLENGE sind 560 Kilometer und etwa 6.500 H\u00f6henmeter zu bew\u00e4ltigen. Diese Distanz ist als 24-Stunden-Rennen ausgelegt und f\u00fchrt unseren Ren\u00e9 entlang der \u00f6sterreichischen Landesgrenze. Wir werden ihn auf dieser Challenge mit einem Begleitfahrzeug betreuen. Die Starterzahl ist auf 50 Teilnehmer limitiert.<\/p>\n<p>In diesem Rennen muss alles passen. Deshalb hat Ren\u00e9 die Kombination von Cotton Race und TPU Schlauch getestet.<br \/>\nRen\u00e9 hatte ein wenig Bedenken, dass diese Kombination zu empfindlich f\u00fcr sein Vorhaben ist. In Summe ist Rene jetzt \u00fcber 1.000 km gefahren und es hat alles gehalten. Er hat den Reifen nicht geschont, Radwege, Schotter, Split \u2026 Das war alles kein Problem.<br \/>\nIn der Kombination mit dem PU-Schlauch ist das Rollverhalten und der Grip gem\u00e4\u00df seiner Einsch\u00e4tzung einfach spitze. Einen Druckverlust im Vergleich zu anderen Schl\u00e4uchen konnte er nicht feststellen. Der braune Rand gef\u00e4llt ihm gut. F\u00fcr die Langstrecke gibt er der Kombination volle 5 Sterne und spricht eine klare Kaufempfehlung aus. Wir w\u00fcnschen Ren\u00e9 viel Erfolg bei seiner Vorbereitung und dr\u00fccken die Daumen, dass dieses Event stattfinden kann.<\/p>\n<\/div>\n<\/div>\n<\/div>\n<\/div>\n<\/div>\n<\/div>\n<div class=\"vc_row wpb_row vc_row-fluid\">\n<div class=\"wpb_column vc_column_container vc_col-sm-6\">\n<div class=\"vc_column-inner\">\n<div class=\"wpb_wrapper\"><\/div>\n<\/div>\n<\/div>\n<\/div>\n<p>[\/vc_column_text][\/vc_column][\/vc_row][vc_row][vc_column width=&#8221;1\/2&#8243;][vc_column_text]<\/p>\n<h3><strong>Wolfpack Tires ist Wolfgang Arenz<\/strong><\/h3>\n<p><strong>Wolfgang Arenz<\/strong> gilt seit 2005 als einer der besten Compounder der Fahrradbranche. Seine bekanntesten Entwicklungen gelten unumstritten als jeweilige Performance-Benchmarks unter den Fahrradreifen.<br \/>\nDen\u00a0<a href=\"https:\/\/heuer-cup.de\/\">HEUER-Cup<\/a> unterst\u00fctzte Wolfgang Arenz als Co-Sponsor. Wir danken ihm f\u00fcr dieses Engagement.[\/vc_column_text][\/vc_column][vc_column width=&#8221;1\/2&#8243;][vc_single_image image=&#8221;3121&#8243; img_size=&#8221;full&#8221; css=&#8221;.vc_custom_1598130398333{padding-left: 45px !important;}&#8221;][\/vc_column][\/vc_row][vc_row css=&#8221;.vc_custom_1550086527937{margin-top: -30px !important;}&#8221;][vc_column][vc_empty_space height=&#8221;60px&#8221;][vc_column_text]<\/p>\n<h2>&#8230; Stra\u00dfenreifen von Wolfpack Tires<\/h2>\n<p>[\/vc_column_text][\/vc_column][\/vc_row][vc_row css=&#8221;.vc_custom_1589274546967{margin-top: -20px !important;}&#8221;][vc_column width=&#8221;1\/2&#8243;][vc_single_image image=&#8221;5547&#8243; img_size=&#8221;800&#215;750&#8243;][\/vc_column][vc_column width=&#8221;1\/2&#8243;][vc_column_text css=&#8221;.vc_custom_1593273655848{padding-top: 15px !important;padding-left: 30px !important;}&#8221;]<\/p>\n<h3><strong>Laufradsatz TBL 66X<br \/>\n<\/strong><\/h3>\n<ul>\n<li>Felge 28\u2033 (700C) Aluminium \/ Clincher<\/li>\n<li>Hinterrad 28 Speichen, 2-fach gekreuzt<\/li>\n<li>Vorderrad 24 Speichen, radial eingespeicht<\/li>\n<li>Hinterrad FlipFlop<\/li>\n<li>Achse aus verg\u00fctetem Stahl, hinten Gewinde M10x1, vorne Gewinde M9x1<\/li>\n<li>fahrfertig mit Reifen und Ritzeln wahlweise 15\/16 oder 16\/17 Z\u00e4hne<\/li>\n<\/ul>\n<p><strong>wheels2rent<\/strong><\/p>\n<p>Laufradtest\u00a0 der 4-Wochen Kurzzeittest 14,80 Euro monatlich.<br \/>\nVersand im stabilen Versandkarton 25 Euro f\u00fcr den Laufradsatz<br \/>\nEndreinigung und Pr\u00fcfen 20 Euro.<\/p>\n<p>f\u00fcr jeden weiteren Monat 14,80 Euro.<br \/>\nauf Wunsch zzgl. Haftungsausschluss* 2,25 Euro monatlich[\/vc_column_text][\/vc_column][\/vc_row][vc_row css=&#8221;.vc_custom_1550086527937{margin-top: -30px !important;}&#8221;][vc_column][vc_empty_space height=&#8221;60px&#8221;][vc_column_text]<\/p>\n<h2>&#8230; f\u00fcr die Radrennbahn<\/h2>\n<p>[\/vc_column_text][\/vc_column][\/vc_row][vc_row css=&#8221;.vc_custom_1589274546967{margin-top: -20px !important;}&#8221;][vc_column width=&#8221;1\/2&#8243;][vc_single_image image=&#8221;5547&#8243; img_size=&#8221;800&#215;750&#8243;][\/vc_column][vc_column width=&#8221;1\/2&#8243;][vc_column_text css=&#8221;.vc_custom_1593273655848{padding-top: 15px !important;padding-left: 30px !important;}&#8221;]<\/p>\n<h3><strong>Laufradsatz TBL 66X<br \/>\n<\/strong><\/h3>\n<ul>\n<li>Felge 28\u2033 (700C) Aluminium \/ Clincher<\/li>\n<li>Hinterrad 28 Speichen, 2-fach gekreuzt<\/li>\n<li>Vorderrad 24 Speichen, radial eingespeicht<\/li>\n<li>Hinterrad FlipFlop<\/li>\n<li>Achse aus verg\u00fctetem Stahl, hinten Gewinde M10x1, vorne Gewinde M9x1<\/li>\n<li>fahrfertig mit Reifen und Ritzeln wahlweise 15\/16 oder 16\/17 Z\u00e4hne<\/li>\n<\/ul>\n<p><strong>wheels2rent<\/strong><\/p>\n<p>Laufradtest\u00a0 der 4-Wochen Kurzzeittest 14,80 Euro monatlich.<br \/>\nVersand im stabilen Versandkarton 25 Euro f\u00fcr den Laufradsatz<br \/>\nEndreinigung und Pr\u00fcfen 20 Euro.<\/p>\n<p>f\u00fcr jeden weiteren Monat 14,80 Euro.<br \/>\nauf Wunsch zzgl. Haftungsausschluss* 2,25 Euro monatlich[\/vc_column_text][\/vc_column][\/vc_row][vc_row css=&#8221;.vc_custom_1550086527937{margin-top: -30px !important;}&#8221;][vc_column][vc_empty_space height=&#8221;60px&#8221;][\/vc_column][\/vc_row][vc_row css=&#8221;.vc_custom_1550086527937{margin-top: -30px !important;}&#8221;][vc_column width=&#8221;1\/2&#8243;][vc_single_image image=&#8221;4869&#8243; img_size=&#8221;full&#8221;][\/vc_column][vc_column width=&#8221;1\/2&#8243;][vc_column_text css=&#8221;.vc_custom_1593273665983{padding-top: 15px !important;padding-left: 30px !important;}&#8221;]<\/p>\n<h3>Die Spezifikationen des Hochflansch Bahnlaufradsatz HBL301 auf einen Blick:<\/h3>\n<ul>\n<li>extrem schnell durch die gute Aerodynamik und hochwertige Lagerung<\/li>\n<li>Felge 28\u2033 (700C) tubular<\/li>\n<li>Hinterrad 24 Speichen, 2-fach gekreuzt<\/li>\n<li>Vorderrad 20 Speichen, radial gespeicht<\/li>\n<li>Achse aus verg\u00fctetem Stahl, hinten Gewinde M10x1, vorne Gewinde M9x1<\/li>\n<li>Gewinde Ritzel: BSA 1,37\u2033x24TPI<\/li>\n<li>Schlauchreifen<\/li>\n<li>Aluminiumnabe hochglanzpoliert<\/li>\n<li>Masse: ca 2160 Gramm<\/li>\n<\/ul>\n<p><strong>wheels2rent<\/strong><\/p>\n<p>Laufradtest: der 4 Wochen Kurzzeittest f\u00fcr 44,90 Euro monatlich<br \/>\nVersand im stabilen Versandkarton 25 Euro f\u00fcr den Laufradsatz<br \/>\nEndreinigung und Pr\u00fcfen 30 Euro.<\/p>\n<p>f\u00fcr jeden weiteren Monat 44,90 Euro.<br \/>\nauf Wunsch zzgl. Haftungsausschluss* 4,80 Euro monatlich[\/vc_column_text][\/vc_column][\/vc_row][vc_row css=&#8221;.vc_custom_1550086527937{margin-top: -30px !important;}&#8221;][vc_column][vc_empty_space height=&#8221;60px&#8221;][\/vc_column][\/vc_row][vc_row][vc_column width=&#8221;1\/2&#8243;][vc_single_image image=&#8221;3266&#8243; img_size=&#8221;full&#8221;][\/vc_column][vc_column width=&#8221;1\/2&#8243;][vc_column_text css=&#8221;.vc_custom_1593273676249{padding-top: 15px !important;padding-left: 30px !important;}&#8221;]<\/p>\n<h3><strong>Scheibenrad <\/strong><strong>Bahn hinten<\/strong><\/h3>\n<p>Dieses Scheibenrad aus Carbon f\u00fcr die Radrennbahn, wenn Aerodynamik gefordert ist.<\/p>\n<ul>\n<li>Felge 28\u2033 (700C) tubular<\/li>\n<li>Hinterrad<\/li>\n<li>Aluminiumnabe schwarz eloxiert<\/li>\n<li>Stahlachse mit M10x1<\/li>\n<li>Masse: ca 1380 gr<\/li>\n<li>Gewinde BSA 1,37\u2033x24TPI<\/li>\n<\/ul>\n<p><strong>wheels2rent<\/strong><\/p>\n<p>Laufradtest: der 4 Wochen Kurzzeittest f\u00fcr 79,90 Euro monatlich<br \/>\nVersand im stabilen Versandkarton f\u00fcr 18 Euro<br \/>\nEndreinigung und Pr\u00fcfen 20 Euro.<\/p>\n<p>f\u00fcr jeden weiteren Monat 79,90 Euro.<br \/>\nauf Wunsch zzgl. Haftungsausschluss* 8,50 Euro monatlich[\/vc_column_text][\/vc_column][\/vc_row][vc_row css=&#8221;.vc_custom_1550086527937{margin-top: -30px !important;}&#8221;][vc_column][vc_empty_space height=&#8221;60px&#8221;][\/vc_column][\/vc_row][vc_row][vc_column width=&#8221;1\/2&#8243;][vc_single_image image=&#8221;3269&#8243; img_size=&#8221;800&#215;800&#8243;][\/vc_column][vc_column width=&#8221;1\/2&#8243;][vc_column_text css=&#8221;.vc_custom_1593273686538{padding-top: 15px !important;padding-left: 30px !important;}&#8221;]<\/p>\n<h3><strong>Carbon 5-Speichenrad vorne f\u00fcr die Radrennbahn<\/strong><\/h3>\n<p>Dieses 5-Speichen-Vorderrad \/ 5-Spoke aus Carbon f\u00fcr gute Aerodynamik mit besonderen Laufeigenschaften.<\/p>\n<ul>\n<li>Felge 28\u2033 (700C) tubular<\/li>\n<li>Aluminiumnabe<\/li>\n<li>Stahlachse mit M9x1<\/li>\n<li>Lagerspiel einstellbar<\/li>\n<li>Masse: ca 1100 gr<\/li>\n<\/ul>\n<p><strong>wheels2rent<\/strong><\/p>\n<p>Laufradtest: der 4 Wochen Kurzzeittest f\u00fcr 69,80 Euro monatlich<br \/>\nVersand im stabilen Versandkarton f\u00fcr 18 Euro<br \/>\nEndreinigung und Pr\u00fcfen 20 Euro.<\/p>\n<p>f\u00fcr jeden weiteren Monat\u00a0 69,80 Euro.<br \/>\nauf Wunsch zzgl. Haftungsausschluss* 7,50 Euro monatlich[\/vc_column_text][\/vc_column][vc_column][vc_row_inner][vc_column_inner][vc_empty_space height=&#8221;60px&#8221;][\/vc_column_inner][\/vc_row_inner][\/vc_column][\/vc_row][vc_row css=&#8221;.vc_custom_1550086527937{margin-top: -30px !important;}&#8221;][vc_column][vc_column_text]<\/p>\n<h2>&#8230; f\u00fcr die Stra\u00dfe mit Disc-Scheibenbremse<\/h2>\n<p>[\/vc_column_text][\/vc_column][\/vc_row][vc_row][vc_column width=&#8221;1\/2&#8243;][vc_single_image image=&#8221;5512&#8243; img_size=&#8221;full&#8221;][\/vc_column][vc_column width=&#8221;1\/2&#8243;][vc_column_text css=&#8221;.vc_custom_1593273713748{padding-left: 30px !important;}&#8221;]<\/p>\n<h3>Carbon <a href=\"https:\/\/heuer-radsport.de\/product\/carbon-laufradsatz-disc-eqd324\" target=\"_blank\" rel=\"noopener noreferrer\">Laufradsatz Disc Equipe<\/a><\/h3>\n<ul>\n<li>Scheibenbremse 6-Loch<\/li>\n<li>Felgentyp: Tubular<\/li>\n<li>Felgenmaterial: Carbon<\/li>\n<li>VR 45mm 24 Loch im Standard<\/li>\n<li>HR 45mm 24 Loch im Standard<\/li>\n<li>Nabensatz EQ \u2013 Equipe Disc Hub<\/li>\n<li>Steckachse 12mm<\/li>\n<li>Einspeichung: zweifach-gekreuzt gespeicht<\/li>\n<li>Gewicht Laufradsatz 1.395 Gramm<\/li>\n<\/ul>\n<p><strong>wheels2rent<\/strong><\/p>\n<p>Laufradtest: der 4 Wochen Kurzzeittest f\u00fcr 54,90 Euro monatlich<br \/>\nVersand im stabilen Versandkarton 25 Euro f\u00fcr den Laufradsatz<br \/>\nEndreinigung und Pr\u00fcfen 30 Euro.<\/p>\n<p>f\u00fcr jeden weiteren Monat 54,90 Euro.<br \/>\nauf Wunsch zzgl. Haftungsausschluss* 6,60 Euro monatlich[\/vc_column_text][\/vc_column][\/vc_row]<\/p>","protected":false},"excerpt":{"rendered":"<p>[vc_row css=&#8221;.vc_custom_1550086527937{margin-top: -30px !important;}&#8221;][vc_column][rev_slider_vc alias=&#8221;WolfpackReifen&#8221;][\/vc_column][\/vc_row][vc_row][vc_column][vc_column_text] Wolfpack Reifen bei HEUER-Radsport f\u00fcr mehr Grip Woflpack Reifen sind die erste Wahl in der Erstausr\u00fcstung f\u00fcr unsere HEUER Laufrads\u00e4tze, wenn es um Performance, gutes Abrollverhalten und perfekten Grip mit ausreichend Reserve in den Kurven geht. Im Herbst 2018 haben wir die ersten Stra\u00dfenreifen als Clincher auf unseren HEUER-Laufr\u00e4dern getestet. [&hellip;]<\/p>","protected":false},"author":3,"featured_media":3121,"parent":0,"menu_order":0,"comment_status":"closed","ping_status":"closed","template":"","meta":[],"new_scheduled_revision":"","save_as_revision":"","yoast_head":"<!-- This site is optimized with the Yoast SEO plugin v14.8 - https:\/\/yoast.com\/wordpress\/plugins\/seo\/ -->\n<title>Wolfpack Reifen zu fairen Preisen im Shop und in der Erstausr\u00fcstung<\/title>\n<meta name=\"description\" content=\"Wir setzten wir mit der Marke WOLFPACK Reifen auf Fahrradreifen mit einzigartiger Performance zu wettbewerbsf\u00e4hrigen Preisen\" \/>\n<meta name=\"robots\" content=\"index, follow\" \/>\n<meta name=\"googlebot\" content=\"index, follow, max-snippet:-1, max-image-preview:large, max-video-preview:-1\" \/>\n<meta name=\"bingbot\" content=\"index, follow, max-snippet:-1, max-image-preview:large, max-video-preview:-1\" \/>\n<link rel=\"canonical\" href=\"https:\/\/wolfpack-tires.de\/en\/\" \/>\n<meta property=\"og:locale\" content=\"en_GB\" \/>\n<meta property=\"og:type\" content=\"article\" \/>\n<meta property=\"og:title\" content=\"Wolfpack Reifen zu fairen Preisen im Shop und in der Erstausr\u00fcstung\" \/>\n<meta property=\"og:description\" content=\"Wir setzten wir mit der Marke WOLFPACK Reifen auf Fahrradreifen mit einzigartiger Performance zu wettbewerbsf\u00e4hrigen Preisen\" \/>\n<meta property=\"og:url\" content=\"https:\/\/wolfpack-tires.de\/en\/\" \/>\n<meta property=\"og:site_name\" content=\"Wolfpack - Angebote\" \/>\n<meta property=\"article:publisher\" content=\"https:\/\/www.facebook.com\/HeuerRadsport\/\" \/>\n<meta property=\"article:modified_time\" content=\"2020-08-26T13:45:48+00:00\" \/>\n<meta property=\"og:image\" content=\"https:\/\/wolfpack-tires.de\/test\/wp-content\/uploads\/2019\/01\/image.png\" \/>\n\t<meta property=\"og:image:width\" content=\"274\" \/>\n\t<meta property=\"og:image:height\" content=\"63\" \/>\n<meta name=\"twitter:card\" content=\"summary_large_image\" \/>\n<meta name=\"twitter:creator\" content=\"@radsport_heuer\" \/>\n<meta name=\"twitter:site\" content=\"@radsport_heuer\" \/>\n<script type=\"application\/ld+json\" class=\"yoast-schema-graph\">{\"@context\":\"https:\/\/schema.org\",\"@graph\":[{\"@type\":\"Organization\",\"@id\":\"https:\/\/wolfpack-tires.de\/en\/#organization\",\"name\":\"Heuer Radsport\",\"url\":\"https:\/\/wolfpack-tires.de\/en\/\",\"sameAs\":[\"https:\/\/www.facebook.com\/HeuerRadsport\/\",\"https:\/\/www.instagram.com\/radsport_heuer\/\",\"https:\/\/www.youtube.com\/channel\/UCuFkVFhY376_zRGfw_0Oy-Q\",\"https:\/\/twitter.com\/radsport_heuer\"],\"logo\":{\"@type\":\"ImageObject\",\"@id\":\"https:\/\/wolfpack-tires.de\/en\/#logo\",\"inLanguage\":\"en-GB\",\"url\":\"https:\/\/wolfpack-tires.de\/test\/wp-content\/uploads\/2019\/01\/logo2.jpg\",\"width\":750,\"height\":186,\"caption\":\"Heuer Radsport\"},\"image\":{\"@id\":\"https:\/\/wolfpack-tires.de\/en\/#logo\"}},{\"@type\":\"WebSite\",\"@id\":\"https:\/\/wolfpack-tires.de\/en\/#website\",\"url\":\"https:\/\/wolfpack-tires.de\/en\/\",\"name\":\"Heuer Radsport\",\"description\":\"Vollgas! oder einfach: Kette rechts\",\"publisher\":{\"@id\":\"https:\/\/wolfpack-tires.de\/en\/#organization\"},\"potentialAction\":[{\"@type\":\"SearchAction\",\"target\":\"https:\/\/wolfpack-tires.de\/en\/?s={search_term_string}\",\"query-input\":\"required name=search_term_string\"}],\"inLanguage\":\"en-GB\"},{\"@type\":\"ImageObject\",\"@id\":\"https:\/\/wolfpack-tires.de\/#primaryimage\",\"inLanguage\":\"en-GB\",\"url\":\"https:\/\/wolfpack-tires.de\/test\/wp-content\/uploads\/2019\/01\/image.png\",\"width\":274,\"height\":63,\"caption\":\"Wolfpack Reifen\"},{\"@type\":\"WebPage\",\"@id\":\"https:\/\/wolfpack-tires.de\/#webpage\",\"url\":\"https:\/\/wolfpack-tires.de\/\",\"name\":\"Wolfpack Reifen zu fairen Preisen im Shop und in der Erstausr\\u00fcstung\",\"isPartOf\":{\"@id\":\"https:\/\/wolfpack-tires.de\/en\/#website\"},\"primaryImageOfPage\":{\"@id\":\"https:\/\/wolfpack-tires.de\/#primaryimage\"},\"datePublished\":\"2020-05-29T13:38:03+00:00\",\"dateModified\":\"2020-08-26T13:45:48+00:00\",\"description\":\"Wir setzten wir mit der Marke WOLFPACK Reifen auf Fahrradreifen mit einzigartiger Performance zu wettbewerbsf\\u00e4hrigen Preisen\",\"inLanguage\":\"en-GB\",\"potentialAction\":[{\"@type\":\"ReadAction\",\"target\":[\"https:\/\/wolfpack-tires.de\/\"]}]}]}<\/script>\n<!-- \/ Yoast SEO plugin. -->","_links":{"self":[{"href":"https:\/\/wolfpack-tires.de\/en\/wp-json\/wp\/v2\/pages\/5744"}],"collection":[{"href":"https:\/\/wolfpack-tires.de\/en\/wp-json\/wp\/v2\/pages"}],"about":[{"href":"https:\/\/wolfpack-tires.de\/en\/wp-json\/wp\/v2\/types\/page"}],"author":[{"embeddable":true,"href":"https:\/\/wolfpack-tires.de\/en\/wp-json\/wp\/v2\/users\/3"}],"replies":[{"embeddable":true,"href":"https:\/\/wolfpack-tires.de\/en\/wp-json\/wp\/v2\/comments?post=5744"}],"version-history":[{"count":23,"href":"https:\/\/wolfpack-tires.de\/en\/wp-json\/wp\/v2\/pages\/5744\/revisions"}],"predecessor-version":[{"id":5884,"href":"https:\/\/wolfpack-tires.de\/en\/wp-json\/wp\/v2\/pages\/5744\/revisions\/5884"}],"wp:featuredmedia":[{"embeddable":true,"href":"https:\/\/wolfpack-tires.de\/en\/wp-json\/wp\/v2\/media\/3121"}],"wp:attachment":[{"href":"https:\/\/wolfpack-tires.de\/en\/wp-json\/wp\/v2\/media?parent=5744"}],"curies":[{"name":"wp","href":"https:\/\/api.w.org\/{rel}","templated":true}]}}